{"id":19767,"date":"2020-05-19T17:05:02","date_gmt":"2020-05-19T15:05:02","guid":{"rendered":"https:\/\/belart-picture.com\/?page_id=19767"},"modified":"2026-02-09T17:37:39","modified_gmt":"2026-02-09T16:37:39","slug":"foire-aux-questions","status":"publish","type":"page","link":"https:\/\/belart-picture.com\/evenements\/infos\/foire-aux-questions\/","title":{"rendered":"Foire aux questions"},"content":{"rendered":"<p>[vc_row][vc_column][vc_empty_space height=\u00a0\u00bb200px\u00a0\u00bb][vc_custom_heading text=\u00a0\u00bbFoire aux questions\u00a0\u00bb font_container=\u00a0\u00bbtag:h2|text_align:center\u00a0\u00bb use_theme_fonts=\u00a0\u00bbyes\u00a0\u00bb][vc_empty_space][vc_text_separator title=\u00a0\u00bbPOURQUOI FAIRE APPEL \u00c0 UN PHOTOGRAPHE PROFESSIONNEL ?\u00a0\u00bb color=\u00a0\u00bbcustom\u00a0\u00bb css_animation=\u00a0\u00bbappear\u00a0\u00bb accent_color=\u00a0\u00bb#e2e2e2&Prime;][vc_empty_space][\/vc_column][\/vc_row][vc_row][vc_column width=\u00a0\u00bb1\/2&Prime;][vc_column_text css_animation=\u00a0\u00bbslideInLeft\u00a0\u00bb]<\/p>\n<p style=\"text-align: justify;\" data-start=\"349\" data-end=\"694\"><span style=\"font-size: 11pt;\">Les \u00e9v\u00e8nements de vie sont si importants et saisissants. Que ce soit un mariage, une grossesse, un anniversaire, une c\u00e9l\u00e9bration familiale ou encore un projet professionnel, il m\u00e9rite d\u2019\u00eatre racont\u00e9 avec authenticit\u00e9.<\/span><br data-start=\"561\" data-end=\"564\" \/><span style=\"font-size: 11pt;\">Mon r\u00f4le, est de capter les instants pr\u00e9cieux, les \u00e9motions vraies et tous ces d\u00e9tails qui font la richesse de votre histoire.<\/span><\/p>\n<p style=\"text-align: justify;\" data-start=\"696\" data-end=\"731\"><span style=\"font-size: 11pt;\">Avec moi, vous avez l\u2019assurance :<\/span><\/p>\n<ul style=\"text-align: justify;\" data-start=\"732\" data-end=\"996\">\n<li data-start=\"732\" data-end=\"804\">\n<p data-start=\"734\" data-end=\"804\"><span style=\"font-size: 11pt;\">d\u2019images de <strong data-start=\"746\" data-end=\"773\">qualit\u00e9 professionnelle<\/strong>, soign\u00e9es et intemporelles ;<\/span><\/p>\n<\/li>\n<li data-start=\"805\" data-end=\"889\">\n<p data-start=\"807\" data-end=\"889\"><span style=\"font-size: 11pt;\">d\u2019un accompagnement <strong data-start=\"827\" data-end=\"859\">bienveillant et personnalis\u00e9<\/strong> tout au long du processus ;<\/span><\/p>\n<\/li>\n<li data-start=\"890\" data-end=\"996\">\n<p data-start=\"892\" data-end=\"996\"><span style=\"font-size: 11pt;\">d\u2019une <strong>exp\u00e9rience fluide et rassurante<\/strong> o\u00f9 vous pouvez profiter pleinement de votre moment, sans stress.<\/span><\/p>\n<\/li>\n<\/ul>\n<p style=\"text-align: justify;\" data-start=\"998\" data-end=\"1138\"><span style=\"font-size: 11pt;\">Mon travail, c\u2019est de transformer vos souvenirs en images fortes, \u00e9l\u00e9gantes et vivantes, que vous aurez plaisir \u00e0 revoir et \u00e0 transmettre.<\/span><\/p>\n<p>[\/vc_column_text][\/vc_column][vc_column width=\u00a0\u00bb1\/2&Prime;][vc_single_image image=\u00a0\u00bb23894&Prime; img_size=\u00a0\u00bb400&Prime; alignment=\u00a0\u00bbcenter\u00a0\u00bb css_animation=\u00a0\u00bbfadeIn\u00a0\u00bb][\/vc_column][\/vc_row][vc_row][vc_column][vc_empty_space height=\u00a0\u00bb50px\u00a0\u00bb][vc_text_separator title=\u00a0\u00bbCOMMENT SE D\u00c9ROULE UNE S\u00c9ANCE ?\u00a0\u00bb color=\u00a0\u00bbcustom\u00a0\u00bb css_animation=\u00a0\u00bbappear\u00a0\u00bb accent_color=\u00a0\u00bb#e2e2e2&Prime;][vc_empty_space][\/vc_column][\/vc_row][vc_row][vc_column width=\u00a0\u00bb5\/12&Prime; uniqid=\u00a0\u00bb5f4a341f0b1b8&Prime;][vc_single_image image=\u00a0\u00bb23807&Prime; img_size=\u00a0\u00bb290px\u00a0\u00bb alignment=\u00a0\u00bbcenter\u00a0\u00bb css_animation=\u00a0\u00bbfadeIn\u00a0\u00bb][\/vc_column][vc_column width=\u00a0\u00bb7\/12&Prime; uniqid=\u00a0\u00bb5f4a33db62368&Prime;][vc_column_text css_animation=\u00a0\u00bbslideInRight\u00a0\u00bb css=\u00a0\u00bb.vc_custom_1757174370627{padding-top: 10px !important;padding-right: 10px !important;padding-bottom: 10px !important;padding-left: 10px !important;}\u00a0\u00bb]<\/p>\n<div style=\"line-height: 18px;\">\n<p style=\"text-align: justify;\" data-start=\"1199\" data-end=\"1434\"><span style=\"font-size: 11pt;\">Tout commence par un \u00e9change : <strong>nous discutons de vos envies<\/strong>, de <strong>vos attentes<\/strong> et de <strong>ce qui est important pour vous<\/strong>. J\u2019aime comprendre<strong> votre histoire, vos personnalit\u00e9s, vos \u00e9motions<\/strong>, afin de construire des images qui vous ressemblent.<\/span><\/p>\n<p style=\"text-align: justify;\" data-start=\"1436\" data-end=\"1718\"><span style=\"font-size: 11pt;\">Le jour J, je m\u2019adapte \u00e0 vous et \u00e0 l\u2019ambiance. Pour un mariage ou un \u00e9v\u00e9nement, <strong>je capture les moments sur le vif avec un \u0153il discret et attentif<\/strong>. Pour une s\u00e9ance couple, grossesse ou portrait, je vous guide avec douceur afin que vous soyez \u00e0 l\u2019aise et naturels devant l\u2019objectif.<\/span><\/p>\n<p style=\"text-align: justify;\" data-start=\"1720\" data-end=\"1947\"><span style=\"font-size: 11pt;\">Apr\u00e8s la prise de vue, je s\u00e9lectionne et sublime vos images en post-traitement, toujours avec respect et subtilit\u00e9. Pas de retouches excessives, mais un travail fin qui r\u00e9v\u00e8le la lumi\u00e8re, l\u2019ambiance et votre beaut\u00e9 naturelle.<\/span><\/p>\n<\/div>\n<p>[\/vc_column_text][\/vc_column][\/vc_row][vc_row][vc_column css_animation=\u00a0\u00bbslideInLeft\u00a0\u00bb width=\u00a0\u00bb5\/12&Prime; uniqid=\u00a0\u00bb5f4a4377d6b52&Prime;][vc_empty_space height=\u00a0\u00bb60px\u00a0\u00bb][vc_text_separator title=\u00a0\u00bbFAUT-IL SAVOIR POSER POUR FAIRE UNE S\u00c9ANCE ?\u00a0\u00bb color=\u00a0\u00bbcustom\u00a0\u00bb css_animation=\u00a0\u00bbslideInLeft\u00a0\u00bb accent_color=\u00a0\u00bb#e2e2e2&Prime;][vc_column_text css_animation=\u00a0\u00bbslideInLeft\u00a0\u00bb]<span style=\"font-size: 11pt;\">Pas du tout ! C\u2019est justement mon r\u00f4le de <strong>vous accompagner<\/strong>.<\/span><br data-start=\"2064\" data-end=\"2067\" \/><span style=\"font-size: 11pt;\">Beaucoup de personnes me disent qu\u2019elles ne sont \u00ab\u00a0pas photog\u00e9niques\u00a0\u00bb\u2026 et finissent par \u00eatre surprises du r\u00e9sultat. <strong>Je vous guide, je vous mets \u00e0 l\u2019aise, et je capte aussi ces moments spontan\u00e9s entre les poses, souvent les plus beaux<\/strong>.<\/span>[\/vc_column_text][vc_empty_space height=\u00a0\u00bb64px\u00a0\u00bb][vc_text_separator title=\u00a0\u00bbEST-CE QUE JE DOIS PR\u00c9PARER DES TENUES OU ACCESSOIRES ?\u00a0\u00bb color=\u00a0\u00bbcustom\u00a0\u00bb css_animation=\u00a0\u00bbslideInLeft\u00a0\u00bb accent_color=\u00a0\u00bb#e2e2e2&Prime;][vc_column_text css_animation=\u00a0\u00bbslideInLeft\u00a0\u00bb]<\/p>\n<p style=\"text-align: left;\"><span style=\"font-size: 11pt;\">Cela d\u00e9pend du type de s\u00e9ance. Pour un mariage ou un \u00e9v\u00e9nement, vous n\u2019avez qu\u2019\u00e0 <strong>profiter pleinement de votre journ\u00e9e<\/strong>, je m\u2019occupe du reste.<\/span><br data-start=\"2511\" data-end=\"2514\" \/><span style=\"font-size: 11pt;\">Pour des s\u00e9ances plus personnelles (couple, grossesse, portrait, corporate), <strong>je vous conseille sur les tenues et les accessoires<\/strong> en fonction de votre style et du rendu souhait\u00e9. L\u2019id\u00e9e est toujours <strong>que vous vous sentiez vous-m\u00eame, \u00e0 l\u2019aise et en harmonie avec l\u2019ambiance<\/strong>.<\/span><\/p>\n<p>[\/vc_column_text][\/vc_column][vc_column width=\u00a0\u00bb7\/12&Prime;][vc_empty_space height=\u00a0\u00bb60px\u00a0\u00bb][vc_single_image image=\u00a0\u00bb23837&Prime; img_size=\u00a0\u00bb490px\u00a0\u00bb alignment=\u00a0\u00bbcenter\u00a0\u00bb css_animation=\u00a0\u00bbfadeIn\u00a0\u00bb][\/vc_column][vc_column][vc_empty_space height=\u00a0\u00bb60px\u00a0\u00bb][\/vc_column][vc_column][vc_text_separator title=\u00a0\u00bbLES PHOTOS SERONT-ELLES PARTAG\u00c9ES EN LIGNE ?\u00a0\u00bb color=\u00a0\u00bbcustom\u00a0\u00bb css_animation=\u00a0\u00bbslideInLeft\u00a0\u00bb accent_color=\u00a0\u00bb#e2e2e2&Prime;][vc_column_text css_animation=\u00a0\u00bbslideInLeft\u00a0\u00bb]<span style=\"font-size: 11pt;\">Non, <strong>je prend tr\u00e8s au s\u00e9rieux votre vie priv\u00e9e<\/strong>. <strong>Je ne partage pas les photos sans votre consentement \u00e9crit<\/strong>. Si vous souhaitez que je partage certaines photos, je le ferais avec votre approbation et dans le respect de votre vie priv\u00e9e en ne partageant que les images qui sont appropri\u00e9es et que vous avez approuv\u00e9es.<\/span>[\/vc_column_text][\/vc_column][vc_column][\/vc_column][\/vc_row][vc_row][vc_column width=\u00a0\u00bb5\/12&Prime;][vc_single_image image=\u00a0\u00bb23914&Prime; img_size=\u00a0\u00bb300&Prime; alignment=\u00a0\u00bbright\u00a0\u00bb css_animation=\u00a0\u00bbfadeIn\u00a0\u00bb][vc_empty_space height=\u00a0\u00bb50px\u00a0\u00bb][\/vc_column][vc_column css_animation=\u00a0\u00bbslideInRight\u00a0\u00bb width=\u00a0\u00bb7\/12&Prime; uniqid=\u00a0\u00bb5f4a46cb20a81&Prime;][vc_empty_space height=\u00a0\u00bb50px\u00a0\u00bb][vc_text_separator title=\u00a0\u00bbQUAND FAUT-IL R\u00c9SERVER ?\u00a0\u00bb color=\u00a0\u00bbcustom\u00a0\u00bb css_animation=\u00a0\u00bbslideInLeft\u00a0\u00bb accent_color=\u00a0\u00bb#e2e2e2&Prime;][vc_column_text css_animation=\u00a0\u00bbslideInLeft\u00a0\u00bb]<span style=\"font-size: 11pt;\">Pour un mariage ou un grand \u00e9v\u00e9nement, il est pr\u00e9f\u00e9rable de r\u00e9server <strong data-start=\"3208\" data-end=\"3232\">le plus t\u00f4t possible<\/strong> (souvent un an \u00e0 l\u2019avance) afin de bloquer votre date.<\/span><br data-start=\"3287\" data-end=\"3290\" \/><span style=\"font-size: 11pt;\">Pour les s\u00e9ances couple, grossesse, portrait ou corporate, mon planning se rempli rapidement, je vous conseil un d\u00e9lai d\u2019un \u00e0 deux mois, c&rsquo;est id\u00e9al pour pr\u00e9parer la s\u00e9ance et s\u2019assurer d\u2019avoir la disponibilit\u00e9 qui vous convient.<\/span>[\/vc_column_text][vc_empty_space][\/vc_column][\/vc_row][vc_row][vc_column][vc_text_separator title=\u00a0\u00bbCOMBIEN CO\u00dbTE UNE PRESTATION PHOTO ?\u00a0\u00bb color=\u00a0\u00bbcustom\u00a0\u00bb css_animation=\u00a0\u00bbslideInRight\u00a0\u00bb accent_color=\u00a0\u00bb#e2e2e2&Prime;][vc_column_text css_animation=\u00a0\u00bbslideInRight\u00a0\u00bb]<\/p>\n<p style=\"text-align: center;\" data-start=\"3517\" data-end=\"3834\"><span style=\"font-size: 11pt;\">Mes tarifs varient selon le type de prestation : reportage de mariage, s\u00e9ance couple, grossesse, corporate ou encore \u00e9v\u00e9nement priv\u00e9.<\/span><br data-start=\"3650\" data-end=\"3653\" \/><span style=\"font-size: 11pt;\">Chaque projet \u00e9tant unique,<strong> je vous propose toujours un devis personnalis\u00e9, adapt\u00e9 \u00e0 vos besoins (dur\u00e9e de pr\u00e9sence, nombre de photos, supports souhait\u00e9s comme albums ou tirages)<\/strong>.<\/span><\/p>\n<p style=\"text-align: center;\" data-start=\"3836\" data-end=\"3978\"><span style=\"font-size: 11pt;\">Mon engagement est simple : vous offrir une exp\u00e9rience de qualit\u00e9, des images intemporelles et un souvenir pr\u00e9cieux qui traverse les ann\u00e9es.<\/span><\/p>\n<p>[\/vc_column_text][\/vc_column][\/vc_row][vc_row][vc_column][vc_empty_space][vc_column_text css_animation=\u00a0\u00bbfadeIn\u00a0\u00bb]<\/p>\n<h3 style=\"text-align: center;\"><span style=\"font-size: 20px;\">Pour plus d&rsquo;informations ou pour r\u00e9server<\/span><\/h3>\n<p>[\/vc_column_text][vc_empty_space height=\u00a0\u00bb15px\u00a0\u00bb][\/vc_column][\/vc_row][vc_row][vc_column][vc_btn title=\u00a0\u00bbMe Contacter\u00a0\u00bb align=\u00a0\u00bbcenter\u00a0\u00bb css_animation=\u00a0\u00bbfadeIn\u00a0\u00bb link=\u00a0\u00bburl:https%3A%2F%2Fbelart-picture.com%2Fevenements%2Fcontactez-moi%2F|title:Contact\u00a0\u00bb][vc_empty_space][\/vc_column][\/vc_row]<\/p>\n","protected":false},"excerpt":{"rendered":"<p>[vc_row][vc_column][vc_empty_space height=\u00a0\u00bb200px\u00a0\u00bb][vc_custom_heading text=\u00a0\u00bbFoire aux questions\u00a0\u00bb font_container=\u00a0\u00bbtag:h2|text_align:center\u00a0\u00bb use_theme_fonts=\u00a0\u00bbyes\u00a0\u00bb][vc_empty_space][vc_text_separator title=\u00a0\u00bbPOURQUOI FAIRE APPEL \u00c0 UN PHOTOGRAPHE PROFESSIONNEL ?\u00a0\u00bb color=\u00a0\u00bbcustom\u00a0\u00bb css_animation=\u00a0\u00bbappear\u00a0\u00bb accent_color=\u00a0\u00bb#e2e2e2&Prime;][vc_empty_space][\/vc_column][\/vc_row][vc_row][vc_column width=\u00a0\u00bb1\/2&Prime;][vc_column_text css_animation=\u00a0\u00bbslideInLeft\u00a0\u00bb] Les \u00e9v\u00e8nements de vie sont si importants et saisissants. Que ce soit un mariage, une grossesse, un anniversaire, une c\u00e9l\u00e9bration familiale ou encore un projet professionnel, il m\u00e9rite d\u2019\u00eatre racont\u00e9 avec authenticit\u00e9.Mon r\u00f4le, est de [&hellip;]<\/p>\n","protected":false},"author":1,"featured_media":0,"parent":19758,"menu_order":2,"comment_status":"closed","ping_status":"closed","template":"page.php","meta":{"footnotes":""},"class_list":["post-19767","page","type-page","status-publish","hentry"],"yoast_head":"<!-- This site is optimized with the Yoast SEO Premium plugin v26.6 (Yoast SEO v27.3) - https:\/\/yoast.com\/product\/yoast-seo-premium-wordpress\/ -->\n<title>FAQ - Belart - Picture | \u00c9v\u00e8nements - R\u00e9ponses \u00e0 vos interrogations sur la photographie de Mariages, \u00c9v\u00e8nements, PackShot, Corporate, Iris<\/title>\n<meta name=\"description\" content=\"Trouvez les r\u00e9ponses \u00e0 toutes vos questions sur la photographie de Mariages, \u00c9v\u00e8nements, PackShot, Corporate, Iris. Pourquoi faire appel \u00e0 un photographe professionnel, comment se d\u00e9roule une s\u00e9ance, quand faut il r\u00e9server ?....\" \/>\n<meta name=\"robots\" content=\"index, follow, max-snippet:-1, max-image-preview:large, max-video-preview:-1\" \/>\n<link rel=\"canonical\" href=\"https:\/\/belart-picture.com\/evenements\/infos\/foire-aux-questions\/\" \/>\n<meta property=\"og:locale\" content=\"fr_FR\" \/>\n<meta property=\"og:type\" content=\"article\" \/>\n<meta property=\"og:title\" content=\"Foire aux questions\" \/>\n<meta property=\"og:description\" content=\"Trouvez les r\u00e9ponses \u00e0 toutes vos questions sur la photographie de Mariages, \u00c9v\u00e8nements, PackShot, Corporate, Iris. Pourquoi faire appel \u00e0 un photographe professionnel, comment se d\u00e9roule une s\u00e9ance, quand faut il r\u00e9server ?....\" \/>\n<meta property=\"og:url\" content=\"https:\/\/belart-picture.com\/evenements\/infos\/foire-aux-questions\/\" \/>\n<meta property=\"og:site_name\" content=\"Belart - Picture | \u00c9v\u00e8nements\" \/>\n<meta property=\"article:publisher\" content=\"https:\/\/www.facebook.com\/belartpicture\/\" \/>\n<meta property=\"article:modified_time\" content=\"2026-02-09T16:37:39+00:00\" \/>\n<meta property=\"og:image\" content=\"https:\/\/belart-picture.com\/evenements\/wp-content\/uploads\/2025\/09\/Belart-Picture_Mariage-1024x576.png\" \/>\n\t<meta property=\"og:image:width\" content=\"1024\" \/>\n\t<meta property=\"og:image:height\" content=\"576\" \/>\n\t<meta property=\"og:image:type\" content=\"image\/png\" \/>\n<meta name=\"twitter:card\" content=\"summary_large_image\" \/>\n<meta name=\"twitter:site\" content=\"@BelartPicture\" \/>\n<meta name=\"twitter:label1\" content=\"Dur\u00e9e de lecture estim\u00e9e\" \/>\n\t<meta name=\"twitter:data1\" content=\"4 minutes\" \/>\n<script type=\"application\/ld+json\" class=\"yoast-schema-graph\">{\"@context\":\"https:\\\/\\\/schema.org\",\"@graph\":[{\"@type\":\"WebPage\",\"@id\":\"https:\\\/\\\/belart-picture.com\\\/evenements\\\/infos\\\/foire-aux-questions\\\/\",\"url\":\"https:\\\/\\\/belart-picture.com\\\/evenements\\\/infos\\\/foire-aux-questions\\\/\",\"name\":\"FAQ - Belart - Picture | \u00c9v\u00e8nements - R\u00e9ponses \u00e0 vos interrogations sur la photographie de Mariages, \u00c9v\u00e8nements, PackShot, Corporate, Iris\",\"isPartOf\":{\"@id\":\"https:\\\/\\\/belart-picture.com\\\/evenements\\\/#website\"},\"datePublished\":\"2020-05-19T15:05:02+00:00\",\"dateModified\":\"2026-02-09T16:37:39+00:00\",\"description\":\"Trouvez les r\u00e9ponses \u00e0 toutes vos questions sur la photographie de Mariages, \u00c9v\u00e8nements, PackShot, Corporate, Iris. Pourquoi faire appel \u00e0 un photographe professionnel, comment se d\u00e9roule une s\u00e9ance, quand faut il r\u00e9server ?....\",\"breadcrumb\":{\"@id\":\"https:\\\/\\\/belart-picture.com\\\/evenements\\\/infos\\\/foire-aux-questions\\\/#breadcrumb\"},\"inLanguage\":\"fr-FR\",\"potentialAction\":[{\"@type\":\"ReadAction\",\"target\":[\"https:\\\/\\\/belart-picture.com\\\/evenements\\\/infos\\\/foire-aux-questions\\\/\"]}]},{\"@type\":\"BreadcrumbList\",\"@id\":\"https:\\\/\\\/belart-picture.com\\\/evenements\\\/infos\\\/foire-aux-questions\\\/#breadcrumb\",\"itemListElement\":[{\"@type\":\"ListItem\",\"position\":1,\"name\":\"Home\",\"item\":\"https:\\\/\\\/belart-picture.com\\\/evenements\\\/\"},{\"@type\":\"ListItem\",\"position\":2,\"name\":\"Infos\",\"item\":\"https:\\\/\\\/belart-picture.com\\\/evenements\\\/infos\\\/\"},{\"@type\":\"ListItem\",\"position\":3,\"name\":\"Foire aux questions\"}]},{\"@type\":\"WebSite\",\"@id\":\"https:\\\/\\\/belart-picture.com\\\/evenements\\\/#website\",\"url\":\"https:\\\/\\\/belart-picture.com\\\/evenements\\\/\",\"name\":\"Belart - Picture | \u00c9v\u00e8nements\",\"description\":\"Photographe Mariages, \u00c9v\u00e8nements, PackShot, Corporate\",\"publisher\":{\"@id\":\"https:\\\/\\\/belart-picture.com\\\/evenements\\\/#organization\"},\"potentialAction\":[{\"@type\":\"SearchAction\",\"target\":{\"@type\":\"EntryPoint\",\"urlTemplate\":\"https:\\\/\\\/belart-picture.com\\\/evenements\\\/?s={search_term_string}\"},\"query-input\":{\"@type\":\"PropertyValueSpecification\",\"valueRequired\":true,\"valueName\":\"search_term_string\"}}],\"inLanguage\":\"fr-FR\"},{\"@type\":\"Organization\",\"@id\":\"https:\\\/\\\/belart-picture.com\\\/evenements\\\/#organization\",\"name\":\"Belart - Picture | \u00c9v\u00e8nements\",\"url\":\"https:\\\/\\\/belart-picture.com\\\/evenements\\\/\",\"logo\":{\"@type\":\"ImageObject\",\"inLanguage\":\"fr-FR\",\"@id\":\"https:\\\/\\\/belart-picture.com\\\/evenements\\\/#\\\/schema\\\/logo\\\/image\\\/\",\"url\":\"https:\\\/\\\/www.belart-picture.com\\\/evenements\\\/wp-content\\\/uploads\\\/2025\\\/05\\\/Logo-BP_2021_fond_blanc_ecriture_noir_500px-scaled.png\",\"contentUrl\":\"https:\\\/\\\/www.belart-picture.com\\\/evenements\\\/wp-content\\\/uploads\\\/2025\\\/05\\\/Logo-BP_2021_fond_blanc_ecriture_noir_500px-scaled.png\",\"width\":2560,\"height\":2560,\"caption\":\"Belart - Picture | \u00c9v\u00e8nements\"},\"image\":{\"@id\":\"https:\\\/\\\/belart-picture.com\\\/evenements\\\/#\\\/schema\\\/logo\\\/image\\\/\"},\"sameAs\":[\"https:\\\/\\\/www.facebook.com\\\/belartpicture\\\/\",\"https:\\\/\\\/x.com\\\/BelartPicture\",\"https:\\\/\\\/www.instagram.com\\\/belart_picture_photographe\\\/\",\"https:\\\/\\\/fr.pinterest.com\\\/belartpicture\\\/\",\"https:\\\/\\\/500px.com\\\/p\\\/Belart-Picture\"]}]}<\/script>\n<!-- \/ Yoast SEO Premium plugin. -->","yoast_head_json":{"title":"FAQ - Belart - Picture | \u00c9v\u00e8nements - R\u00e9ponses \u00e0 vos interrogations sur la photographie de Mariages, \u00c9v\u00e8nements, PackShot, Corporate, Iris","description":"Trouvez les r\u00e9ponses \u00e0 toutes vos questions sur la photographie de Mariages, \u00c9v\u00e8nements, PackShot, Corporate, Iris. Pourquoi faire appel \u00e0 un photographe professionnel, comment se d\u00e9roule une s\u00e9ance, quand faut il r\u00e9server ?....","robots":{"index":"index","follow":"follow","max-snippet":"max-snippet:-1","max-image-preview":"max-image-preview:large","max-video-preview":"max-video-preview:-1"},"canonical":"https:\/\/belart-picture.com\/evenements\/infos\/foire-aux-questions\/","og_locale":"fr_FR","og_type":"article","og_title":"Foire aux questions","og_description":"Trouvez les r\u00e9ponses \u00e0 toutes vos questions sur la photographie de Mariages, \u00c9v\u00e8nements, PackShot, Corporate, Iris. Pourquoi faire appel \u00e0 un photographe professionnel, comment se d\u00e9roule une s\u00e9ance, quand faut il r\u00e9server ?....","og_url":"https:\/\/belart-picture.com\/evenements\/infos\/foire-aux-questions\/","og_site_name":"Belart - Picture | \u00c9v\u00e8nements","article_publisher":"https:\/\/www.facebook.com\/belartpicture\/","article_modified_time":"2026-02-09T16:37:39+00:00","og_image":[{"width":1024,"height":576,"url":"https:\/\/belart-picture.com\/evenements\/wp-content\/uploads\/2025\/09\/Belart-Picture_Mariage-1024x576.png","type":"image\/png"}],"twitter_card":"summary_large_image","twitter_site":"@BelartPicture","twitter_misc":{"Dur\u00e9e de lecture estim\u00e9e":"4 minutes"},"schema":{"@context":"https:\/\/schema.org","@graph":[{"@type":"WebPage","@id":"https:\/\/belart-picture.com\/evenements\/infos\/foire-aux-questions\/","url":"https:\/\/belart-picture.com\/evenements\/infos\/foire-aux-questions\/","name":"FAQ - Belart - Picture | \u00c9v\u00e8nements - R\u00e9ponses \u00e0 vos interrogations sur la photographie de Mariages, \u00c9v\u00e8nements, PackShot, Corporate, Iris","isPartOf":{"@id":"https:\/\/belart-picture.com\/evenements\/#website"},"datePublished":"2020-05-19T15:05:02+00:00","dateModified":"2026-02-09T16:37:39+00:00","description":"Trouvez les r\u00e9ponses \u00e0 toutes vos questions sur la photographie de Mariages, \u00c9v\u00e8nements, PackShot, Corporate, Iris. Pourquoi faire appel \u00e0 un photographe professionnel, comment se d\u00e9roule une s\u00e9ance, quand faut il r\u00e9server ?....","breadcrumb":{"@id":"https:\/\/belart-picture.com\/evenements\/infos\/foire-aux-questions\/#breadcrumb"},"inLanguage":"fr-FR","potentialAction":[{"@type":"ReadAction","target":["https:\/\/belart-picture.com\/evenements\/infos\/foire-aux-questions\/"]}]},{"@type":"BreadcrumbList","@id":"https:\/\/belart-picture.com\/evenements\/infos\/foire-aux-questions\/#breadcrumb","itemListElement":[{"@type":"ListItem","position":1,"name":"Home","item":"https:\/\/belart-picture.com\/evenements\/"},{"@type":"ListItem","position":2,"name":"Infos","item":"https:\/\/belart-picture.com\/evenements\/infos\/"},{"@type":"ListItem","position":3,"name":"Foire aux questions"}]},{"@type":"WebSite","@id":"https:\/\/belart-picture.com\/evenements\/#website","url":"https:\/\/belart-picture.com\/evenements\/","name":"Belart - Picture | \u00c9v\u00e8nements","description":"Photographe Mariages, \u00c9v\u00e8nements, PackShot, Corporate","publisher":{"@id":"https:\/\/belart-picture.com\/evenements\/#organization"},"potentialAction":[{"@type":"SearchAction","target":{"@type":"EntryPoint","urlTemplate":"https:\/\/belart-picture.com\/evenements\/?s={search_term_string}"},"query-input":{"@type":"PropertyValueSpecification","valueRequired":true,"valueName":"search_term_string"}}],"inLanguage":"fr-FR"},{"@type":"Organization","@id":"https:\/\/belart-picture.com\/evenements\/#organization","name":"Belart - Picture | \u00c9v\u00e8nements","url":"https:\/\/belart-picture.com\/evenements\/","logo":{"@type":"ImageObject","inLanguage":"fr-FR","@id":"https:\/\/belart-picture.com\/evenements\/#\/schema\/logo\/image\/","url":"https:\/\/www.belart-picture.com\/evenements\/wp-content\/uploads\/2025\/05\/Logo-BP_2021_fond_blanc_ecriture_noir_500px-scaled.png","contentUrl":"https:\/\/www.belart-picture.com\/evenements\/wp-content\/uploads\/2025\/05\/Logo-BP_2021_fond_blanc_ecriture_noir_500px-scaled.png","width":2560,"height":2560,"caption":"Belart - Picture | \u00c9v\u00e8nements"},"image":{"@id":"https:\/\/belart-picture.com\/evenements\/#\/schema\/logo\/image\/"},"sameAs":["https:\/\/www.facebook.com\/belartpicture\/","https:\/\/x.com\/BelartPicture","https:\/\/www.instagram.com\/belart_picture_photographe\/","https:\/\/fr.pinterest.com\/belartpicture\/","https:\/\/500px.com\/p\/Belart-Picture"]}]}},"_links":{"self":[{"href":"https:\/\/belart-picture.com\/evenements\/wp-json\/wp\/v2\/pages\/19767","targetHints":{"allow":["GET"]}}],"collection":[{"href":"https:\/\/belart-picture.com\/evenements\/wp-json\/wp\/v2\/pages"}],"about":[{"href":"https:\/\/belart-picture.com\/evenements\/wp-json\/wp\/v2\/types\/page"}],"author":[{"embeddable":true,"href":"https:\/\/belart-picture.com\/evenements\/wp-json\/wp\/v2\/users\/1"}],"replies":[{"embeddable":true,"href":"https:\/\/belart-picture.com\/evenements\/wp-json\/wp\/v2\/comments?post=19767"}],"version-history":[{"count":28,"href":"https:\/\/belart-picture.com\/evenements\/wp-json\/wp\/v2\/pages\/19767\/revisions"}],"predecessor-version":[{"id":24500,"href":"https:\/\/belart-picture.com\/evenements\/wp-json\/wp\/v2\/pages\/19767\/revisions\/24500"}],"up":[{"embeddable":true,"href":"https:\/\/belart-picture.com\/evenements\/wp-json\/wp\/v2\/pages\/19758"}],"wp:attachment":[{"href":"https:\/\/belart-picture.com\/evenements\/wp-json\/wp\/v2\/media?parent=19767"}],"curies":[{"name":"wp","href":"https:\/\/api.w.org\/{rel}","templated":true}]}}