{"id":420,"date":"2020-07-01T15:53:59","date_gmt":"2020-07-01T14:53:59","guid":{"rendered":"http:\/\/demos.upperthemes.com\/alma\/site1\/?page_id=420"},"modified":"2026-03-11T11:10:05","modified_gmt":"2026-03-11T10:10:05","slug":"infos-michael-zen-photographe-portraits-intimes-boudoir","status":"publish","type":"page","link":"https:\/\/belart-picture.com\/boudoir-portraits-intimes\/infos\/infos-michael-zen-photographe-portraits-intimes-boudoir\/","title":{"rendered":"Qui suis-je ?"},"content":{"rendered":"<p>[vc_row bg_type=\u00a0\u00bbbg_color\u00a0\u00bb bg_override=\u00a0\u00bbex-full\u00a0\u00bb css=\u00a0\u00bb.vc_custom_1659791367513{padding-top: 170px !important;padding-bottom: 100px !important;}\u00a0\u00bb bg_color_value=\u00a0\u00bb#ffffff\u00a0\u00bb][vc_column][vc_custom_heading text=\u00a0\u00bbQui suis-je ?\u00a0\u00bb font_container=\u00a0\u00bbtag:h2|text_align:center\u00a0\u00bb use_theme_fonts=\u00a0\u00bbyes\u00a0\u00bb][vc_empty_space][\/vc_column][vc_column width=\u00a0\u00bb5\/12&Prime;][vc_single_image image=\u00a0\u00bb23712&Prime; img_size=\u00a0\u00bb650&#215;880&Prime; style=\u00a0\u00bbvc_box_rounded\u00a0\u00bb css_animation=\u00a0\u00bbfadeInUp\u00a0\u00bb][\/vc_column][vc_column width=\u00a0\u00bb7\/12&Prime;]<div class=\"ult-spacer spacer-69e068d554404\" data-id=\"69e068d554404\" data-height=\"\" data-height-mobile=\"40\" data-height-tab=\"\" data-height-tab-portrait=\"\" data-height-mobile-landscape=\"40\" style=\"clear:both;display:block;\"><\/div>[vc_custom_heading text=\u00a0\u00bbMICHA\u00cbL ZEN\u00a0\u00bb use_theme_fonts=\u00a0\u00bbyes\u00a0\u00bb][vc_custom_heading text=\u00a0\u00bbPhotographe Portraits Intimes &amp; Boudoir\u00a0\u00bb font_container=\u00a0\u00bbtag:h4|text_align:left|color:%239b9b9b\u00a0\u00bb use_theme_fonts=\u00a0\u00bbyes\u00a0\u00bb el_class=\u00a0\u00bbno-letter-spacing\u00a0\u00bb][vc_tta_pageable no_fill_content_area=\u00a0\u00bbtrue\u00a0\u00bb active_section=\u00a0\u00bb1&Prime; pagination_style=\u00a0\u00bbflat-square\u00a0\u00bb pagination_color=\u00a0\u00bbblack\u00a0\u00bb css_animation=\u00a0\u00bbfadeIn\u00a0\u00bb][vc_tta_section title=\u00a0\u00bbSection 1&Prime; tab_id=\u00a0\u00bb1687989427618-793158d4-c672&Prime;][vc_column_text]<\/p>\n<p style=\"text-align: justify;\">Je suis photographe de portraits intimes et de boudoir et ma passion pour la photographie remonte \u00e0 mon enfance. J&rsquo;ai re\u00e7u mon premier appareil photo \u00e0 l&rsquo;\u00e2ge de 8 ans, un petit appareil photo jetable en plastique, et j&rsquo;ai imm\u00e9diatement \u00e9t\u00e9 fascin\u00e9 par la mani\u00e8re dont je pouvais capturer des moments \u00e9ph\u00e9m\u00e8res de la vie.<\/p>\n<p style=\"text-align: justify;\">Je passais des heures \u00e0 regarder les photos que j&rsquo;avais prises, \u00e0 essayer de comprendre ce qui faisait une bonne photo et comment je pouvais am\u00e9liorer mes comp\u00e9tences.<\/p>\n<p style=\"text-align: justify;\">En grandissant, j&rsquo;ai continu\u00e9 \u00e0 prendre des photos, \u00e0 explorer diff\u00e9rentes techniques et \u00e0 exp\u00e9rimenter avec diff\u00e9rents styles.<\/p>\n<p style=\"text-align: justify;\">Puis un jour, j&rsquo;ai d\u00e9couvert la photographie boudoir. J&rsquo;ai \u00e9t\u00e9 imm\u00e9diatement attir\u00e9 par la fa\u00e7on dont cette forme d&rsquo;art pouvait capturer la beaut\u00e9, la confiance et l&rsquo;estime de soi d&rsquo;une personne. J&rsquo;ai trouv\u00e9 que c&rsquo;\u00e9tait une fa\u00e7on unique et puissante de cr\u00e9er des images qui aident les gens \u00e0 se sentir bien dans leur peau.<\/p>\n<p style=\"text-align: justify;\">Au fil des ans, j&rsquo;ai travaill\u00e9 dur pour perfectionner mon art. J&rsquo;ai \u00e9tudi\u00e9 la photographie \u00e0 l&rsquo;\u00e9cole des beaux arts et j&rsquo;ai assist\u00e9 \u00e0 des ateliers de formation pour apprendre de nouvelles techniques et affiner mes comp\u00e9tences.<\/p>\n<p style=\"text-align: justify;\">Aujourd&rsquo;hui, je suis fier de vous proposer une approche moderne et cr\u00e9ative de la photographie de portraits intimes et de boudoir.<\/p>\n<p style=\"text-align: justify;\">Lorsque vous travaillez avec moi, vous pouvez vous attendre \u00e0 une exp\u00e9rience de photographie <strong>unique<\/strong> et <strong>personnalis\u00e9e<\/strong>. Mon objectif est de cr\u00e9er des images qui vous font sentir <strong>belle<\/strong> \/ <strong>beau<\/strong>, <strong>confiant(e)<\/strong> et <strong>fi\u00e8r(e)<\/strong> de qui vous \u00eates. J&rsquo;aime travailler avec mes client(e)s pour comprendre leur personnalit\u00e9 et leur style, et cr\u00e9er des images qui refl\u00e8tent leur individualit\u00e9.<\/p>\n<p style=\"text-align: justify;\">Si vous cherchez un photographe passionn\u00e9 par l&rsquo;art de capturer des moments uniques et sp\u00e9ciaux de votre vie, alors vous \u00eates au bon endroit. Je suis impatient de travailler avec vous pour cr\u00e9er des souvenirs inoubliables.<\/p>\n<p>[\/vc_column_text][\/vc_tta_section][vc_tta_section title=\u00a0\u00bbSection 2&Prime; tab_id=\u00a0\u00bb1687989427634-c961694b-99cb\u00a0\u00bb][vc_column_text]<span style=\"font-size: 14px;\">En tant que photographe boudoir, mon objectif est de capturer la beaut\u00e9, la confiance et l&rsquo;intimit\u00e9 de mes client(e)s \u00e0 travers des s\u00e9ances de photographie intime et sensuelle.<\/span><\/p>\n<p><span style=\"font-size: 14px;\">Mais mon engagement ne s&rsquo;arr\u00eate pas l\u00e0. J&rsquo;ai une passion pour l&rsquo;art de la photographie, et <strong>j&rsquo;aspire \u00e0 un jour organiser une exposition d\u00e9di\u00e9e aux magnifiques portraits que j&rsquo;ai eu le privil\u00e8ge de cr\u00e9er<\/strong> avec vous.<\/span><\/p>\n<p><span style=\"font-size: 14px;\">Cette exposition serait une <strong>c\u00e9l\u00e9bration de la beaut\u00e9 individuelle, de la confiance retrouv\u00e9e ou affirm\u00e9e lors de nos s\u00e9ances<\/strong>. Je crois fermement que ces images m\u00e9ritent d&rsquo;\u00eatre vues, admir\u00e9es et partag\u00e9es, toujours avec votre consentement. Votre confiance est primordiale, et chaque d\u00e9cision concernant la pr\u00e9sentation publique de vos photos sera prise avec soin et respect de votre vie priv\u00e9e.<\/span><\/p>\n<p><span style=\"font-size: 14px;\"><strong>Imaginez-vous, en tant que mod\u00e8le, faire partie d&rsquo;une exposition artistique qui c\u00e9l\u00e8bre votre propre beaut\u00e9 et votre histoire. C&rsquo;est une exp\u00e9rience unique qui pourrait vous permettre de partager votre parcours de confiance et d&rsquo;inspirer d&rsquo;autres personnes.<\/strong><\/span><\/p>\n<p><span style=\"font-size: 14px;\"><strong>L&rsquo;exposition est un projet que je ch\u00e9ris et qui me tient \u00e0 c\u0153ur<\/strong>, et j&rsquo;esp\u00e8re sinc\u00e8rement qu&rsquo;un jour nous pourrons ensemble faire briller ces portraits dans un cadre artistique.<\/span><\/p>\n<p><span style=\"font-size: 14px;\"><strong>En choisissant de travailler avec moi, vous contribuez \u00e0 la possibilit\u00e9 de participer \u00e0 une exp\u00e9rience artistique unique.<\/strong><\/span><\/p>\n<p><span style=\"font-size: 14px;\">\u00c0 travers cette exposition, nous pourrons inspirer, \u00e9mouvoir et encourager d&rsquo;autres personnes \u00e0 embrasser leur beaut\u00e9 int\u00e9rieure et \u00e0 se sentir confiant(e)s dans leur propre peau. Ensemble, nous pouvons cr\u00e9er quelque chose de vraiment dingue et j&rsquo;ai h\u00e2te de voir o\u00f9 cela nous m\u00e8nera.<\/span>[\/vc_column_text][\/vc_tta_section][\/vc_tta_pageable][vc_empty_space height=\u00a0\u00bb50px\u00a0\u00bb][vc_empty_space height=\u00a0\u00bb10px\u00a0\u00bb]<div id=\"naapo-social-networks-shortcode-1\" class=\"widget alma_socials_widget\"><div class=\"social-icons-fa align-left\"><ul><li><a href=\"https:\/\/www.facebook.com\/belartpicture.intime\" target=\"_blank\" class=\"social-network facebook\" title=\"Facebook\"><i class=\"fab fa-facebook\"><\/i><\/a><\/li><li><a href=\"https:\/\/www.linkedin.com\/company\/belart-picture-photographe\/\" target=\"_blank\" class=\"social-network linkedin\" title=\"LinkedIn\"><i class=\"fab fa-linkedin\"><\/i><\/a><\/li><li><a href=\"https:\/\/www.instagram.com\/belart_picture_intime\/\" target=\"_blank\" class=\"social-network instagram\" title=\"Instagram\"><i class=\"fab fa-instagram\"><\/i><\/a><\/li><li><a href=\"https:\/\/www.pinterest.fr\/belartpicture\" target=\"_blank\" class=\"social-network pinterest\" title=\"Pinterest\"><i class=\"fab fa-pinterest\"><\/i><\/a><\/li><\/ul><\/div><\/div>[\/vc_column][\/vc_row]<\/p>\n","protected":false},"excerpt":{"rendered":"<p>[vc_row bg_type=\u00a0\u00bbbg_color\u00a0\u00bb bg_override=\u00a0\u00bbex-full\u00a0\u00bb css=\u00a0\u00bb.vc_custom_1659791367513{padding-top: 170px !important;padding-bottom: 100px !important;}\u00a0\u00bb bg_color_value=\u00a0\u00bb#ffffff\u00a0\u00bb][vc_column][vc_custom_heading text=\u00a0\u00bbQui suis-je ?\u00a0\u00bb font_container=\u00a0\u00bbtag:h2|text_align:center\u00a0\u00bb use_theme_fonts=\u00a0\u00bbyes\u00a0\u00bb][vc_empty_space][\/vc_column][vc_column width=\u00a0\u00bb5\/12&Prime;][vc_single_image image=\u00a0\u00bb23712&Prime; img_size=\u00a0\u00bb650&#215;880&Prime; style=\u00a0\u00bbvc_box_rounded\u00a0\u00bb css_animation=\u00a0\u00bbfadeInUp\u00a0\u00bb][\/vc_column][vc_column width=\u00a0\u00bb7\/12&Prime;][vc_custom_heading text=\u00a0\u00bbMICHA\u00cbL ZEN\u00a0\u00bb use_theme_fonts=\u00a0\u00bbyes\u00a0\u00bb][vc_custom_heading text=\u00a0\u00bbPhotographe Portraits Intimes &amp; Boudoir\u00a0\u00bb font_container=\u00a0\u00bbtag:h4|text_align:left|color:%239b9b9b\u00a0\u00bb use_theme_fonts=\u00a0\u00bbyes\u00a0\u00bb el_class=\u00a0\u00bbno-letter-spacing\u00a0\u00bb][vc_tta_pageable no_fill_content_area=\u00a0\u00bbtrue\u00a0\u00bb active_section=\u00a0\u00bb1&Prime; pagination_style=\u00a0\u00bbflat-square\u00a0\u00bb pagination_color=\u00a0\u00bbblack\u00a0\u00bb css_animation=\u00a0\u00bbfadeIn\u00a0\u00bb][vc_tta_section title=\u00a0\u00bbSection 1&Prime; tab_id=\u00a0\u00bb1687989427618-793158d4-c672&Prime;][vc_column_text] Je suis photographe de portraits intimes et de boudoir et ma passion pour la photographie remonte [&hellip;]<\/p>\n","protected":false},"author":1,"featured_media":0,"parent":19758,"menu_order":2,"comment_status":"closed","ping_status":"closed","template":"page.php","meta":{"_sitemap_exclude":false,"_sitemap_priority":"","_sitemap_frequency":"","footnotes":""},"class_list":["post-420","page","type-page","status-publish","hentry"],"yoast_head":"<!-- This site is optimized with the Yoast SEO Premium plugin v26.6 (Yoast SEO v27.3) - https:\/\/yoast.com\/product\/yoast-seo-premium-wordpress\/ -->\n<title>Qui suis-je ? - Belart - Picture | Boudoir &amp; Portraits Intimes - \u00c0 propos de moi et mes services de photographie portraits Intimes et Boudoir<\/title>\n<meta name=\"description\" content=\"Obtenez toutes les informations n\u00e9cessaires sur mes services de photographe Portraits Intimes et Boudoir. D\u00e9couvrez mon approche, mon style et ma passion pour capturer la beaut\u00e9, la sensualit\u00e9 et la confiance en soi. R\u00e9servez votre s\u00e9ance photo d\u00e8s aujourd&#039;hui.\" \/>\n<meta name=\"robots\" content=\"index, follow, max-snippet:-1, max-image-preview:large, max-video-preview:-1\" \/>\n<link rel=\"canonical\" href=\"https:\/\/belart-picture.com\/boudoir-portraits-intimes\/infos\/infos-michael-zen-photographe-portraits-intimes-boudoir\/\" \/>\n<meta property=\"og:locale\" content=\"fr_FR\" \/>\n<meta property=\"og:type\" content=\"article\" \/>\n<meta property=\"og:title\" content=\"Qui suis-je ?\" \/>\n<meta property=\"og:description\" content=\"Obtenez toutes les informations n\u00e9cessaires sur mes services de photographe Portraits Intimes et Boudoir. D\u00e9couvrez mon approche, mon style et ma passion pour capturer la beaut\u00e9, la sensualit\u00e9 et la confiance en soi. R\u00e9servez votre s\u00e9ance photo d\u00e8s aujourd&#039;hui.\" \/>\n<meta property=\"og:url\" content=\"https:\/\/belart-picture.com\/boudoir-portraits-intimes\/infos\/infos-michael-zen-photographe-portraits-intimes-boudoir\/\" \/>\n<meta property=\"og:site_name\" content=\"Belart - Picture | Boudoir &amp; Portraits Intimes\" \/>\n<meta property=\"article:publisher\" content=\"https:\/\/www.facebook.com\/belartpicture.intime\" \/>\n<meta property=\"article:modified_time\" content=\"2026-03-11T10:10:05+00:00\" \/>\n<meta property=\"og:image\" content=\"https:\/\/belart-picture.com\/boudoir-portraits-intimes\/wp-content\/uploads\/2022\/08\/Belart-Picture-Photographe-2020-04-06-Une-Barbe-en-Confinement_01-scaled-e1659779788323.jpg\" \/>\n\t<meta property=\"og:image:width\" content=\"1708\" \/>\n\t<meta property=\"og:image:height\" content=\"1932\" \/>\n\t<meta property=\"og:image:type\" content=\"image\/jpeg\" \/>\n<meta name=\"twitter:card\" content=\"summary_large_image\" \/>\n<meta name=\"twitter:site\" content=\"@BelartPicture\" \/>\n<meta name=\"twitter:label1\" content=\"Dur\u00e9e de lecture estim\u00e9e\" \/>\n\t<meta name=\"twitter:data1\" content=\"4 minutes\" \/>\n<script type=\"application\/ld+json\" class=\"yoast-schema-graph\">{\"@context\":\"https:\\\/\\\/schema.org\",\"@graph\":[{\"@type\":\"WebPage\",\"@id\":\"https:\\\/\\\/belart-picture.com\\\/boudoir-portraits-intimes\\\/infos\\\/infos-michael-zen-photographe-portraits-intimes-boudoir\\\/\",\"url\":\"https:\\\/\\\/belart-picture.com\\\/boudoir-portraits-intimes\\\/infos\\\/infos-michael-zen-photographe-portraits-intimes-boudoir\\\/\",\"name\":\"Qui suis-je ? - Belart - Picture | Boudoir &amp; Portraits Intimes - \u00c0 propos de moi et mes services de photographie portraits Intimes et Boudoir\",\"isPartOf\":{\"@id\":\"https:\\\/\\\/belart-picture.com\\\/boudoir-portraits-intimes\\\/#website\"},\"datePublished\":\"2020-07-01T14:53:59+00:00\",\"dateModified\":\"2026-03-11T10:10:05+00:00\",\"description\":\"Obtenez toutes les informations n\u00e9cessaires sur mes services de photographe Portraits Intimes et Boudoir. D\u00e9couvrez mon approche, mon style et ma passion pour capturer la beaut\u00e9, la sensualit\u00e9 et la confiance en soi. R\u00e9servez votre s\u00e9ance photo d\u00e8s aujourd'hui.\",\"breadcrumb\":{\"@id\":\"https:\\\/\\\/belart-picture.com\\\/boudoir-portraits-intimes\\\/infos\\\/infos-michael-zen-photographe-portraits-intimes-boudoir\\\/#breadcrumb\"},\"inLanguage\":\"fr-FR\",\"potentialAction\":[{\"@type\":\"ReadAction\",\"target\":[\"https:\\\/\\\/belart-picture.com\\\/boudoir-portraits-intimes\\\/infos\\\/infos-michael-zen-photographe-portraits-intimes-boudoir\\\/\"]}]},{\"@type\":\"BreadcrumbList\",\"@id\":\"https:\\\/\\\/belart-picture.com\\\/boudoir-portraits-intimes\\\/infos\\\/infos-michael-zen-photographe-portraits-intimes-boudoir\\\/#breadcrumb\",\"itemListElement\":[{\"@type\":\"ListItem\",\"position\":1,\"name\":\"Accueil\",\"item\":\"https:\\\/\\\/belart-picture.com\\\/boudoir-portraits-intimes\\\/\"},{\"@type\":\"ListItem\",\"position\":2,\"name\":\"Infos\",\"item\":\"https:\\\/\\\/belart-picture.com\\\/boudoir-portraits-intimes\\\/infos\\\/\"},{\"@type\":\"ListItem\",\"position\":3,\"name\":\"Qui suis-je ?\"}]},{\"@type\":\"WebSite\",\"@id\":\"https:\\\/\\\/belart-picture.com\\\/boudoir-portraits-intimes\\\/#website\",\"url\":\"https:\\\/\\\/belart-picture.com\\\/boudoir-portraits-intimes\\\/\",\"name\":\"Belart - Picture | Boudoir & Portraits Intimes\",\"description\":\"Photographe Boudoir &amp; Portraits Intimes\",\"publisher\":{\"@id\":\"https:\\\/\\\/belart-picture.com\\\/boudoir-portraits-intimes\\\/#organization\"},\"potentialAction\":[{\"@type\":\"SearchAction\",\"target\":{\"@type\":\"EntryPoint\",\"urlTemplate\":\"https:\\\/\\\/belart-picture.com\\\/boudoir-portraits-intimes\\\/?s={search_term_string}\"},\"query-input\":{\"@type\":\"PropertyValueSpecification\",\"valueRequired\":true,\"valueName\":\"search_term_string\"}}],\"inLanguage\":\"fr-FR\"},{\"@type\":\"Organization\",\"@id\":\"https:\\\/\\\/belart-picture.com\\\/boudoir-portraits-intimes\\\/#organization\",\"name\":\"Belart - Picture | Boudoir & Portraits Intimes\",\"url\":\"https:\\\/\\\/belart-picture.com\\\/boudoir-portraits-intimes\\\/\",\"logo\":{\"@type\":\"ImageObject\",\"inLanguage\":\"fr-FR\",\"@id\":\"https:\\\/\\\/belart-picture.com\\\/boudoir-portraits-intimes\\\/#\\\/schema\\\/logo\\\/image\\\/\",\"url\":\"https:\\\/\\\/belart-picture.com\\\/boudoir-portraits-intimes\\\/wp-content\\\/uploads\\\/2022\\\/01\\\/cropped-Logo-BP_2021_fond_blanc_ecriture_noir_500px-e1642180841117.png\",\"contentUrl\":\"https:\\\/\\\/belart-picture.com\\\/boudoir-portraits-intimes\\\/wp-content\\\/uploads\\\/2022\\\/01\\\/cropped-Logo-BP_2021_fond_blanc_ecriture_noir_500px-e1642180841117.png\",\"width\":512,\"height\":512,\"caption\":\"Belart - Picture | Boudoir & Portraits Intimes\"},\"image\":{\"@id\":\"https:\\\/\\\/belart-picture.com\\\/boudoir-portraits-intimes\\\/#\\\/schema\\\/logo\\\/image\\\/\"},\"sameAs\":[\"https:\\\/\\\/www.facebook.com\\\/belartpicture.intime\",\"https:\\\/\\\/x.com\\\/BelartPicture\",\"https:\\\/\\\/www.instagram.com\\\/belart_picture_intime\",\"https:\\\/\\\/fr.pinterest.com\\\/belartpicture\\\/\",\"https:\\\/\\\/500px.com\\\/p\\\/Belart-Picture\"]}]}<\/script>\n<!-- \/ Yoast SEO Premium plugin. -->","yoast_head_json":{"title":"Qui suis-je ? - Belart - Picture | Boudoir &amp; Portraits Intimes - \u00c0 propos de moi et mes services de photographie portraits Intimes et Boudoir","description":"Obtenez toutes les informations n\u00e9cessaires sur mes services de photographe Portraits Intimes et Boudoir. D\u00e9couvrez mon approche, mon style et ma passion pour capturer la beaut\u00e9, la sensualit\u00e9 et la confiance en soi. R\u00e9servez votre s\u00e9ance photo d\u00e8s aujourd'hui.","robots":{"index":"index","follow":"follow","max-snippet":"max-snippet:-1","max-image-preview":"max-image-preview:large","max-video-preview":"max-video-preview:-1"},"canonical":"https:\/\/belart-picture.com\/boudoir-portraits-intimes\/infos\/infos-michael-zen-photographe-portraits-intimes-boudoir\/","og_locale":"fr_FR","og_type":"article","og_title":"Qui suis-je ?","og_description":"Obtenez toutes les informations n\u00e9cessaires sur mes services de photographe Portraits Intimes et Boudoir. D\u00e9couvrez mon approche, mon style et ma passion pour capturer la beaut\u00e9, la sensualit\u00e9 et la confiance en soi. R\u00e9servez votre s\u00e9ance photo d\u00e8s aujourd'hui.","og_url":"https:\/\/belart-picture.com\/boudoir-portraits-intimes\/infos\/infos-michael-zen-photographe-portraits-intimes-boudoir\/","og_site_name":"Belart - Picture | Boudoir &amp; Portraits Intimes","article_publisher":"https:\/\/www.facebook.com\/belartpicture.intime","article_modified_time":"2026-03-11T10:10:05+00:00","og_image":[{"width":1708,"height":1932,"url":"https:\/\/belart-picture.com\/boudoir-portraits-intimes\/wp-content\/uploads\/2022\/08\/Belart-Picture-Photographe-2020-04-06-Une-Barbe-en-Confinement_01-scaled-e1659779788323.jpg","type":"image\/jpeg"}],"twitter_card":"summary_large_image","twitter_site":"@BelartPicture","twitter_misc":{"Dur\u00e9e de lecture estim\u00e9e":"4 minutes"},"schema":{"@context":"https:\/\/schema.org","@graph":[{"@type":"WebPage","@id":"https:\/\/belart-picture.com\/boudoir-portraits-intimes\/infos\/infos-michael-zen-photographe-portraits-intimes-boudoir\/","url":"https:\/\/belart-picture.com\/boudoir-portraits-intimes\/infos\/infos-michael-zen-photographe-portraits-intimes-boudoir\/","name":"Qui suis-je ? - Belart - Picture | Boudoir &amp; Portraits Intimes - \u00c0 propos de moi et mes services de photographie portraits Intimes et Boudoir","isPartOf":{"@id":"https:\/\/belart-picture.com\/boudoir-portraits-intimes\/#website"},"datePublished":"2020-07-01T14:53:59+00:00","dateModified":"2026-03-11T10:10:05+00:00","description":"Obtenez toutes les informations n\u00e9cessaires sur mes services de photographe Portraits Intimes et Boudoir. D\u00e9couvrez mon approche, mon style et ma passion pour capturer la beaut\u00e9, la sensualit\u00e9 et la confiance en soi. R\u00e9servez votre s\u00e9ance photo d\u00e8s aujourd'hui.","breadcrumb":{"@id":"https:\/\/belart-picture.com\/boudoir-portraits-intimes\/infos\/infos-michael-zen-photographe-portraits-intimes-boudoir\/#breadcrumb"},"inLanguage":"fr-FR","potentialAction":[{"@type":"ReadAction","target":["https:\/\/belart-picture.com\/boudoir-portraits-intimes\/infos\/infos-michael-zen-photographe-portraits-intimes-boudoir\/"]}]},{"@type":"BreadcrumbList","@id":"https:\/\/belart-picture.com\/boudoir-portraits-intimes\/infos\/infos-michael-zen-photographe-portraits-intimes-boudoir\/#breadcrumb","itemListElement":[{"@type":"ListItem","position":1,"name":"Accueil","item":"https:\/\/belart-picture.com\/boudoir-portraits-intimes\/"},{"@type":"ListItem","position":2,"name":"Infos","item":"https:\/\/belart-picture.com\/boudoir-portraits-intimes\/infos\/"},{"@type":"ListItem","position":3,"name":"Qui suis-je ?"}]},{"@type":"WebSite","@id":"https:\/\/belart-picture.com\/boudoir-portraits-intimes\/#website","url":"https:\/\/belart-picture.com\/boudoir-portraits-intimes\/","name":"Belart - Picture | Boudoir & Portraits Intimes","description":"Photographe Boudoir &amp; Portraits Intimes","publisher":{"@id":"https:\/\/belart-picture.com\/boudoir-portraits-intimes\/#organization"},"potentialAction":[{"@type":"SearchAction","target":{"@type":"EntryPoint","urlTemplate":"https:\/\/belart-picture.com\/boudoir-portraits-intimes\/?s={search_term_string}"},"query-input":{"@type":"PropertyValueSpecification","valueRequired":true,"valueName":"search_term_string"}}],"inLanguage":"fr-FR"},{"@type":"Organization","@id":"https:\/\/belart-picture.com\/boudoir-portraits-intimes\/#organization","name":"Belart - Picture | Boudoir & Portraits Intimes","url":"https:\/\/belart-picture.com\/boudoir-portraits-intimes\/","logo":{"@type":"ImageObject","inLanguage":"fr-FR","@id":"https:\/\/belart-picture.com\/boudoir-portraits-intimes\/#\/schema\/logo\/image\/","url":"https:\/\/belart-picture.com\/boudoir-portraits-intimes\/wp-content\/uploads\/2022\/01\/cropped-Logo-BP_2021_fond_blanc_ecriture_noir_500px-e1642180841117.png","contentUrl":"https:\/\/belart-picture.com\/boudoir-portraits-intimes\/wp-content\/uploads\/2022\/01\/cropped-Logo-BP_2021_fond_blanc_ecriture_noir_500px-e1642180841117.png","width":512,"height":512,"caption":"Belart - Picture | Boudoir & Portraits Intimes"},"image":{"@id":"https:\/\/belart-picture.com\/boudoir-portraits-intimes\/#\/schema\/logo\/image\/"},"sameAs":["https:\/\/www.facebook.com\/belartpicture.intime","https:\/\/x.com\/BelartPicture","https:\/\/www.instagram.com\/belart_picture_intime","https:\/\/fr.pinterest.com\/belartpicture\/","https:\/\/500px.com\/p\/Belart-Picture"]}]}},"_links":{"self":[{"href":"https:\/\/belart-picture.com\/boudoir-portraits-intimes\/wp-json\/wp\/v2\/pages\/420","targetHints":{"allow":["GET"]}}],"collection":[{"href":"https:\/\/belart-picture.com\/boudoir-portraits-intimes\/wp-json\/wp\/v2\/pages"}],"about":[{"href":"https:\/\/belart-picture.com\/boudoir-portraits-intimes\/wp-json\/wp\/v2\/types\/page"}],"author":[{"embeddable":true,"href":"https:\/\/belart-picture.com\/boudoir-portraits-intimes\/wp-json\/wp\/v2\/users\/1"}],"replies":[{"embeddable":true,"href":"https:\/\/belart-picture.com\/boudoir-portraits-intimes\/wp-json\/wp\/v2\/comments?post=420"}],"version-history":[{"count":79,"href":"https:\/\/belart-picture.com\/boudoir-portraits-intimes\/wp-json\/wp\/v2\/pages\/420\/revisions"}],"predecessor-version":[{"id":23713,"href":"https:\/\/belart-picture.com\/boudoir-portraits-intimes\/wp-json\/wp\/v2\/pages\/420\/revisions\/23713"}],"up":[{"embeddable":true,"href":"https:\/\/belart-picture.com\/boudoir-portraits-intimes\/wp-json\/wp\/v2\/pages\/19758"}],"wp:attachment":[{"href":"https:\/\/belart-picture.com\/boudoir-portraits-intimes\/wp-json\/wp\/v2\/media?parent=420"}],"curies":[{"name":"wp","href":"https:\/\/api.w.org\/{rel}","templated":true}]}}