{"id":22195,"date":"2022-04-18T13:32:03","date_gmt":"2022-04-18T12:32:03","guid":{"rendered":"https:\/\/belart-picture.com\/boudoir-portraits-intimes?page_id=22195"},"modified":"2023-07-12T21:17:57","modified_gmt":"2023-07-12T20:17:57","slug":"contactez-moi","status":"publish","type":"page","link":"https:\/\/belart-picture.com\/boudoir-portraits-intimes\/contactez-moi\/","title":{"rendered":"Contact"},"content":{"rendered":"<p>[vc_row full_width=\u00a0\u00bbstretch_row_content_no_spaces\u00a0\u00bb][vc_column][vc_empty_space height=\u00a0\u00bb3px\u00a0\u00bb]<div class=\"ult-animation  ult-animate-viewport  ult-no-mobile \" data-animate=\"fadeIn\" data-animation-delay=\"1\" data-animation-duration=\"1\" data-animation-iteration=\"1\" style=\"opacity:0;\" data-opacity_start_effect=\"80\">[vc_gmaps link=\u00a0\u00bb#E-8_JTNDaWZyYW1lJTIwc3JjJTNEJTIyaHR0cHMlM0ElMkYlMkZ3d3cuZ29vZ2xlLmNvbSUyRm1hcHMlMkZlbWJlZCUzRnBiJTNEJTIxMW0xOCUyMTFtMTIlMjExbTMlMjExZDE5NDMyLjQ2ODgzNzE1NDQlMjEyZDUuMDYyMTAyMDgxNDQwNTk1JTIxM2Q0My42MTM3NDk5ODAwMzE0MTUlMjEybTMlMjExZjAlMjEyZjAlMjEzZjAlMjEzbTIlMjExaTEwMjQlMjEyaTc2OCUyMTRmMTMuMSUyMTNtMyUyMTFtMiUyMTFzMHgxMmM5ZmFlZGM2YTUzYTViJTI1M0EweDc2YmFkNDBmNzRmNTlkYjklMjEyc0JlbGFydCUyNTIwLSUyNTIwUGljdHVyZSUyNTIwJTI1N0MlMjUyMFBob3RvZ3JhcGhlJTIxNWUwJTIxM20yJTIxMXNmciUyMTJzZnIlMjE0djE2Nzc1MjU3MjI1OTIlMjE1bTIlMjExc2ZyJTIxMnNmciUyMiUyMHdpZHRoJTNEJTIyNjAwJTIyJTIwaGVpZ2h0JTNEJTIyNDUwJTIyJTIwc3R5bGUlM0QlMjJib3JkZXIlM0EwJTNCJTIyJTIwYWxsb3dmdWxsc2NyZWVuJTNEJTIyJTIyJTIwbG9hZGluZyUzRCUyMmxhenklMjIlMjByZWZlcnJlcnBvbGljeSUzRCUyMm5vLXJlZmVycmVyLXdoZW4tZG93bmdyYWRlJTIyJTNFJTNDJTJGaWZyYW1lJTNF\u00a0\u00bb css_animation=\u00a0\u00bbfadeIn\u00a0\u00bb]<\/div>[\/vc_column][\/vc_row][vc_row css=\u00a0\u00bb.vc_custom_1525886140033{padding-top: 100px !important;padding-right: 50px !important;padding-bottom: 100px !important;padding-left: 50px !important;}\u00a0\u00bb][vc_column width=\u00a0\u00bb2\/3&Prime;]<div class=\"ult-animation  ult-animate-viewport  ult-no-mobile \" data-animate=\"fadeInUp\" data-animation-delay=\"0.3\" data-animation-duration=\"1\" data-animation-iteration=\"1\" style=\"opacity:0;\" data-opacity_start_effect=\"80\"><div class=\"ult-spacer spacer-69e0977a240d1\" data-id=\"69e0977a240d1\" data-height=\"0\" data-height-mobile=\"70\" data-height-tab=\"\" data-height-tab-portrait=\"\" data-height-mobile-landscape=\"70\" style=\"clear:both;display:block;\"><\/div>\n<div class=\"wpcf7 no-js\" id=\"wpcf7-f248-o1\" lang=\"en-US\" dir=\"ltr\" data-wpcf7-id=\"248\">\n<div class=\"screen-reader-response\"><p role=\"status\" aria-live=\"polite\" aria-atomic=\"true\"><\/p> <ul><\/ul><\/div>\n<form action=\"\/boudoir-portraits-intimes\/wp-json\/wp\/v2\/pages\/22195#wpcf7-f248-o1\" method=\"post\" class=\"wpcf7-form init\" aria-label=\"Contact form\" novalidate=\"novalidate\" data-status=\"init\">\n<fieldset class=\"hidden-fields-container\"><input type=\"hidden\" name=\"_wpcf7\" value=\"248\" \/><input type=\"hidden\" name=\"_wpcf7_version\" value=\"6.1.5\" \/><input type=\"hidden\" name=\"_wpcf7_locale\" value=\"en_US\" \/><input type=\"hidden\" name=\"_wpcf7_unit_tag\" value=\"wpcf7-f248-o1\" \/><input type=\"hidden\" name=\"_wpcf7_container_post\" value=\"0\" \/><input type=\"hidden\" name=\"_wpcf7_posted_data_hash\" value=\"\" \/><input type=\"hidden\" name=\"_wpcf7_recaptcha_response\" value=\"\" \/>\n<\/fieldset>\n<div class=\"alma-multiple-fields\">\n\t<div class=\"f-name\">\n\t\t<p>Votre Nom <span class=\"cforms-required\">(obligatoire)<\/span>\n\t\t<\/p>\n\t\t<p><span class=\"wpcf7-form-control-wrap\" data-name=\"votre-nom\"><input size=\"40\" maxlength=\"400\" class=\"wpcf7-form-control wpcf7-text wpcf7-validates-as-required\" aria-required=\"true\" aria-invalid=\"false\" value=\"\" type=\"text\" name=\"votre-nom\" \/><\/span>\n\t\t<\/p>\n\t<\/div>\n\t<div class=\"f-email\">\n\t\t<p>Votre Email <span class=\"cforms-required\">(obligatoire)<\/span>\n\t\t<\/p>\n\t\t<p><span class=\"wpcf7-form-control-wrap\" data-name=\"votre-email\"><input size=\"40\" maxlength=\"400\" class=\"wpcf7-form-control wpcf7-email wpcf7-validates-as-required wpcf7-text wpcf7-validates-as-email\" aria-required=\"true\" aria-invalid=\"false\" value=\"\" type=\"email\" name=\"votre-email\" \/><\/span>\n\t\t<\/p>\n\t<\/div>\n\t<div class=\"f-subject\">\n\t\t<p>Sujet\n\t\t<\/p>\n\t\t<p><span class=\"wpcf7-form-control-wrap\" data-name=\"sujet\"><input size=\"40\" maxlength=\"400\" class=\"wpcf7-form-control wpcf7-text\" aria-invalid=\"false\" value=\"\" type=\"text\" name=\"sujet\" \/><\/span>\n\t\t<\/p>\n\t<\/div>\n\t<div class=\"f-service\">\n\t\t<p>Service Desir\u00e9\n\t\t<\/p>\n\t\t<p><span class=\"wpcf7-form-control-wrap\" data-name=\"menu-781\"><select class=\"wpcf7-form-control wpcf7-select\" aria-invalid=\"false\" name=\"menu-781\"><option value=\"Portrait Intime\">Portrait Intime<\/option><option value=\"Boudoir Classique\">Boudoir Classique<\/option><option value=\"Sensuelle\">Sensuelle<\/option><option value=\"Intime\">Intime<\/option><option value=\"Autre\">Autre<\/option><\/select><\/span>\n\t\t<\/p>\n\t<\/div>\n\t<div class=\"f-message\">\n\t\t<p>Votre Message\n\t\t<\/p>\n\t\t<p><span class=\"wpcf7-form-control-wrap\" data-name=\"votre-message\"><textarea cols=\"40\" rows=\"10\" maxlength=\"2000\" class=\"wpcf7-form-control wpcf7-textarea\" aria-invalid=\"false\" name=\"votre-message\"><\/textarea><\/span>\n\t\t<\/p>\n\t<\/div>\n\t<div class=\"bt-contact\">\n\t\t<p><a class=\"btn-contact-left\"><input class=\"wpcf7-form-control wpcf7-submit has-spinner\" type=\"submit\" value=\"ENVOYER\" \/><\/a>\n\t\t<\/p>\n\t<\/div>\n<\/div><div class=\"wpcf7-response-output\" aria-hidden=\"true\"><\/div>\n<\/form>\n<\/div>\n<\/div>[\/vc_column][vc_column width=\u00a0\u00bb1\/3&Prime;]<div class=\"ult-spacer spacer-69e0977a2620a\" data-id=\"69e0977a2620a\" data-height=\"0\" data-height-mobile=\"50\" data-height-tab=\"\" data-height-tab-portrait=\"\" data-height-mobile-landscape=\"50\" style=\"clear:both;display:block;\"><\/div>[vc_custom_heading text=\u00a0\u00bbCONTACTEZ MOI\u00a0\u00bb font_container=\u00a0\u00bbtag:h5|text_align:left\u00a0\u00bb use_theme_fonts=\u00a0\u00bbyes\u00a0\u00bb][vc_empty_space height=\u00a0\u00bb10px\u00a0\u00bb][vc_custom_heading text=\u00a0\u00bbVous souhaitez en savoir plus sur mes prestations de photographie boudoir de portraits intimes, de s\u00e9ances photo sensuelle ou discuter de votre projet avec moi ?<br \/>\nN&rsquo;h\u00e9sitez pas \u00e0 me contacter en utilisant le formulaire.<br \/>\nJe vous r\u00e9pondrai dans les meilleurs d\u00e9lais afin de r\u00e9pondre \u00e0 toutes vos questions et de convenir d&rsquo;un rendez-vous pour une s\u00e9ance photo personnalis\u00e9e.<br \/>\nJe suis \u00e0 l&rsquo;\u00e9coute de vos besoins et de vos envies, et j&rsquo;apporte un soin particulier \u00e0 chaque \u00e9tape de la s\u00e9ance pour que vous puissiez vivre une exp\u00e9rience unique et inoubliable. Alors n&rsquo;h\u00e9sitez plus, contactez moi et faisons de votre r\u00eave de photographie boudoir une r\u00e9alit\u00e9 !\u00a0\u00bb font_container=\u00a0\u00bbtag:p|font_size:16px|text_align:left|color:%23999999|line_height:25px\u00a0\u00bb use_theme_fonts=\u00a0\u00bbyes\u00a0\u00bb css_animation=\u00a0\u00bbfadeIn\u00a0\u00bb el_class=\u00a0\u00bbno-letter-spacing\u00a0\u00bb][vc_custom_heading text=\u00a0\u00bbContactez moi pour r\u00e9server votre s\u00e9ance de photographie boudoir ou portrait intime. Je suis l\u00e0 pour capturer votre beaut\u00e9 et vous aider \u00e0 vous sentir confiant(e) et magnifique. Alors n&rsquo;h\u00e9sitez plus contactez moi et faisons de votre r\u00eave de photographie boudoir une r\u00e9alit\u00e9 !\u00a0\u00bb font_container=\u00a0\u00bbtag:p|font_size:1px|text_align:left|line_height:1px\u00a0\u00bb use_theme_fonts=\u00a0\u00bbyes\u00a0\u00bb css_animation=\u00a0\u00bbfadeIn\u00a0\u00bb el_class=\u00a0\u00bbno-letter-spacing\u00a0\u00bb][vc_empty_space height=\u00a0\u00bb25px\u00a0\u00bb][vc_custom_heading text=\u00a0\u00bbRESEAUX SOCIAUX\u00a0\u00bb font_container=\u00a0\u00bbtag:h5|text_align:left\u00a0\u00bb use_theme_fonts=\u00a0\u00bbyes\u00a0\u00bb][vc_empty_space height=\u00a0\u00bb5px\u00a0\u00bb]<div id=\"naapo-social-networks-shortcode-1\" class=\"widget alma_socials_widget\"><div class=\"social-icons-fa align-left\"><ul><li><a href=\"https:\/\/www.facebook.com\/belartpicture.intime\" target=\"_blank\" class=\"social-network facebook\" title=\"Facebook\"><i class=\"fab fa-facebook\"><\/i><\/a><\/li><li><a href=\"https:\/\/www.linkedin.com\/company\/belart-picture-photographe\/\" target=\"_blank\" class=\"social-network linkedin\" title=\"LinkedIn\"><i class=\"fab fa-linkedin\"><\/i><\/a><\/li><li><a href=\"https:\/\/www.instagram.com\/belart_picture_intime\/\" target=\"_blank\" class=\"social-network instagram\" title=\"Instagram\"><i class=\"fab fa-instagram\"><\/i><\/a><\/li><li><a href=\"https:\/\/www.pinterest.fr\/belartpicture\" target=\"_blank\" class=\"social-network pinterest\" title=\"Pinterest\"><i class=\"fab fa-pinterest\"><\/i><\/a><\/li><\/ul><\/div><\/div>[\/vc_column][\/vc_row][vc_row full_width=\u00a0\u00bbstretch_row\u00a0\u00bb el_class=\u00a0\u00bbcontacts-zindex-higher\u00a0\u00bb][vc_column][vc_separator][vc_empty_space height=\u00a0\u00bb10px\u00a0\u00bb][vc_row_inner][vc_column_inner width=\u00a0\u00bb1\/3&Prime;]<div class=\"ult-animation  ult-animate-viewport  ult-no-mobile \" data-animate=\"fadeInUp\" data-animation-delay=\"0\" data-animation-duration=\"1\" data-animation-iteration=\"1\" style=\"opacity:0;\" data-opacity_start_effect=\"80\"><div class=\"aio-icon-component    style_1\"><div id=\"Info-box-wrap-2112\" class=\"aio-icon-box top-icon\" style=\"\"  ><div class=\"aio-icon-top\"><div class=\"ult-just-icon-wrapper  \"><div class=\"align-icon\" style=\"text-align:center;\">\n<div class=\"aio-icon none \" data-animation=\"fadeInDown\" data-animation-delay=\"03\" style=\"color:#212121;font-size:34px;display:inline-block;\">\n\t<i class=\"line-icons-map-marker-check\"><\/i>\n<\/div><\/div><\/div><\/div><div class=\"aio-icon-description ult-responsive\"  data-ultimate-target='#Info-box-wrap-2112 .aio-icon-description'  data-responsive-json-new='{\"font-size\":\"desktop:15px;\",\"line-height\":\"desktop:22px;\"}'  style=\"font-family:&#039;Poppins&#039;;font-weight:normal;font-style:normal;\">13450 GRANS<\/p>\n<p>FRANCE<\/div> <!-- description --><\/div> <!-- aio-icon-box --><\/div> <!-- aio-icon-component --><\/div>[\/vc_column_inner][vc_column_inner width=\u00a0\u00bb1\/3&Prime; css=\u00a0\u00bb.vc_custom_1525886959910{padding-left: 40px !important;}\u00a0\u00bb]<div class=\"ult-animation  ult-animate-viewport  ult-no-mobile \" data-animate=\"fadeInUp\" data-animation-delay=\"0.3\" data-animation-duration=\"1\" data-animation-iteration=\"1\" style=\"opacity:0;\" data-opacity_start_effect=\"80\"><div class=\"aio-icon-component    style_1\"><a class=\"aio-icon-box-link\" href=\"mailto:contact@belart-picture.com?subject=Contact Site Belart - Picture | Photographe\" title=\"Nous Contacter\" target=\"_blank\" ><div id=\"Info-box-wrap-4499\" class=\"aio-icon-box top-icon\" style=\"\"  ><div class=\"aio-icon-top\"><div class=\"ult-just-icon-wrapper  \"><div class=\"align-icon\" style=\"text-align:center;\">\n<div class=\"aio-icon none \"  style=\"color:#212121;font-size:34px;display:inline-block;\">\n\t<i class=\"Defaults-envelope-o\"><\/i>\n<\/div><\/div><\/div><\/div><div class=\"aio-icon-description ult-responsive\"  data-ultimate-target='#Info-box-wrap-4499 .aio-icon-description'  data-responsive-json-new='{\"font-size\":\"desktop:15px;\",\"line-height\":\"desktop:22px;\"}'  style=\"font-family:&#039;Poppins&#039;;font-weight:normal;font-style:normal;\">contact@belart-picture.com<\/div> <!-- description --><\/div> <!-- aio-icon-box --><\/a><\/div> <!-- aio-icon-component --><\/div>[\/vc_column_inner][vc_column_inner width=\u00a0\u00bb1\/3&Prime;]<div class=\"ult-animation  ult-animate-viewport  ult-no-mobile \" data-animate=\"fadeInUp\" data-animation-delay=\"0.6\" data-animation-duration=\"1\" data-animation-iteration=\"1\" style=\"opacity:0;\" data-opacity_start_effect=\"80\"><div class=\"aio-icon-component    style_1\"><a class=\"aio-icon-box-link\" href=\"https:\/\/wa.me\/+33689818094\" target=\"_blank\" ><div id=\"Info-box-wrap-6369\" class=\"aio-icon-box top-icon\" style=\"\"  ><div class=\"aio-icon-top\"><div class=\"ult-just-icon-wrapper  \"><div class=\"align-icon\" style=\"text-align:center;\">\n<div class=\"aio-icon none \"  style=\"color:#212121;font-size:34px;display:inline-block;\">\n\t<i class=\"Ultimate-set-uni78\"><\/i>\n<\/div><\/div><\/div><\/div><div class=\"aio-icon-description ult-responsive\"  data-ultimate-target='#Info-box-wrap-6369 .aio-icon-description'  data-responsive-json-new='{\"font-size\":\"desktop:15px;\",\"line-height\":\"desktop:22px;\"}'  style=\"font-family:&#039;Poppins&#039;;font-weight:normal;font-style:normal;\">(+33) 6 89 81 80 94<\/div> <!-- description --><\/div> <!-- aio-icon-box --><\/a><\/div> <!-- aio-icon-component --><\/div>[\/vc_column_inner][\/vc_row_inner][vc_empty_space height=\u00a0\u00bb35px\u00a0\u00bb][\/vc_column][\/vc_row]<\/p>\n","protected":false},"excerpt":{"rendered":"<p>[vc_row full_width=\u00a0\u00bbstretch_row_content_no_spaces\u00a0\u00bb][vc_column][vc_empty_space height=\u00a0\u00bb3px\u00a0\u00bb][\/vc_column][\/vc_row][vc_row css=\u00a0\u00bb.vc_custom_1525886140033{padding-top: 100px !important;padding-right: 50px !important;padding-bottom: 100px !important;padding-left: 50px !important;}\u00a0\u00bb][vc_column width=\u00a0\u00bb2\/3&Prime;][\/vc_column][vc_column width=\u00a0\u00bb1\/3&Prime;][vc_custom_heading text=\u00a0\u00bbCONTACTEZ MOI\u00a0\u00bb font_container=\u00a0\u00bbtag:h5|text_align:left\u00a0\u00bb use_theme_fonts=\u00a0\u00bbyes\u00a0\u00bb][vc_empty_space height=\u00a0\u00bb10px\u00a0\u00bb][vc_custom_heading text=\u00a0\u00bbVous souhaitez en savoir plus sur mes prestations de photographie boudoir de portraits intimes, de s\u00e9ances photo sensuelle ou discuter de votre projet avec moi ? N&rsquo;h\u00e9sitez pas \u00e0 me contacter en utilisant le formulaire. Je [&hellip;]<\/p>\n","protected":false},"author":1,"featured_media":0,"parent":0,"menu_order":0,"comment_status":"closed","ping_status":"closed","template":"page.php","meta":{"_sitemap_exclude":false,"_sitemap_priority":"","_sitemap_frequency":"","footnotes":""},"class_list":["post-22195","page","type-page","status-publish","hentry"],"yoast_head":"<!-- This site is optimized with the Yoast SEO Premium plugin v26.6 (Yoast SEO v27.3) - https:\/\/yoast.com\/product\/yoast-seo-premium-wordpress\/ -->\n<title>R\u00e9servez votre s\u00e9ance de photographie boudoir ou portrait intime - Belart - Picture | Boudoir &amp; Portraits Intimes<\/title>\n<meta name=\"description\" content=\"Contactez moi pour r\u00e9server votre s\u00e9ance de photographie boudoir ou portrait intime. Je suis l\u00e0 pour capturer votre beaut\u00e9 et vous aider \u00e0 vous sentir confiant(e) et magnifique. Alors n&#039;h\u00e9sitez plus, contactez moi et faisons de votre r\u00eave de photographie boudoir une r\u00e9alit\u00e9 ! Belart - Picture | Boudoir &amp; Portraits Intimes\" \/>\n<meta name=\"robots\" content=\"index, follow, max-snippet:-1, max-image-preview:large, max-video-preview:-1\" \/>\n<link rel=\"canonical\" href=\"https:\/\/belart-picture.com\/boudoir-portraits-intimes\/contactez-moi\/\" \/>\n<meta property=\"og:locale\" content=\"fr_FR\" \/>\n<meta property=\"og:type\" content=\"article\" \/>\n<meta property=\"og:title\" content=\"Contact\" \/>\n<meta property=\"og:description\" content=\"Contactez moi pour r\u00e9server votre s\u00e9ance de photographie boudoir ou portrait intime. Je suis l\u00e0 pour capturer votre beaut\u00e9 et vous aider \u00e0 vous sentir confiant(e) et magnifique. Alors n&#039;h\u00e9sitez plus, contactez moi et faisons de votre r\u00eave de photographie boudoir une r\u00e9alit\u00e9 ! Belart - Picture | Boudoir &amp; Portraits Intimes\" \/>\n<meta property=\"og:url\" content=\"https:\/\/belart-picture.com\/boudoir-portraits-intimes\/contactez-moi\/\" \/>\n<meta property=\"og:site_name\" content=\"Belart - Picture | Boudoir &amp; Portraits Intimes\" \/>\n<meta property=\"article:publisher\" content=\"https:\/\/www.facebook.com\/belartpicture.intime\" \/>\n<meta property=\"article:modified_time\" content=\"2023-07-12T20:17:57+00:00\" \/>\n<meta property=\"og:image\" content=\"https:\/\/belart-picture.com\/boudoir-portraits-intimes\/wp-content\/uploads\/2023\/07\/Image-Couv-FaceBook-2023.jpg\" \/>\n\t<meta property=\"og:image:width\" content=\"2048\" \/>\n\t<meta property=\"og:image:height\" content=\"1152\" \/>\n\t<meta property=\"og:image:type\" content=\"image\/jpeg\" \/>\n<meta name=\"twitter:card\" content=\"summary_large_image\" \/>\n<meta name=\"twitter:site\" content=\"@BelartPicture\" \/>\n<meta name=\"twitter:label1\" content=\"Dur\u00e9e de lecture estim\u00e9e\" \/>\n\t<meta name=\"twitter:data1\" content=\"4 minutes\" \/>\n<script type=\"application\/ld+json\" class=\"yoast-schema-graph\">{\"@context\":\"https:\\\/\\\/schema.org\",\"@graph\":[{\"@type\":\"WebPage\",\"@id\":\"https:\\\/\\\/belart-picture.com\\\/boudoir-portraits-intimes\\\/contactez-moi\\\/\",\"url\":\"https:\\\/\\\/belart-picture.com\\\/boudoir-portraits-intimes\\\/contactez-moi\\\/\",\"name\":\"R\u00e9servez votre s\u00e9ance de photographie boudoir ou portrait intime - Belart - Picture | Boudoir &amp; Portraits Intimes\",\"isPartOf\":{\"@id\":\"https:\\\/\\\/belart-picture.com\\\/boudoir-portraits-intimes\\\/#website\"},\"datePublished\":\"2022-04-18T12:32:03+00:00\",\"dateModified\":\"2023-07-12T20:17:57+00:00\",\"description\":\"Contactez moi pour r\u00e9server votre s\u00e9ance de photographie boudoir ou portrait intime. Je suis l\u00e0 pour capturer votre beaut\u00e9 et vous aider \u00e0 vous sentir confiant(e) et magnifique. Alors n'h\u00e9sitez plus, contactez moi et faisons de votre r\u00eave de photographie boudoir une r\u00e9alit\u00e9 ! Belart - Picture | Boudoir &amp; Portraits Intimes\",\"breadcrumb\":{\"@id\":\"https:\\\/\\\/belart-picture.com\\\/boudoir-portraits-intimes\\\/contactez-moi\\\/#breadcrumb\"},\"inLanguage\":\"fr-FR\",\"potentialAction\":[{\"@type\":\"ReadAction\",\"target\":[\"https:\\\/\\\/belart-picture.com\\\/boudoir-portraits-intimes\\\/contactez-moi\\\/\"]}]},{\"@type\":\"BreadcrumbList\",\"@id\":\"https:\\\/\\\/belart-picture.com\\\/boudoir-portraits-intimes\\\/contactez-moi\\\/#breadcrumb\",\"itemListElement\":[{\"@type\":\"ListItem\",\"position\":1,\"name\":\"Accueil\",\"item\":\"https:\\\/\\\/belart-picture.com\\\/boudoir-portraits-intimes\\\/\"},{\"@type\":\"ListItem\",\"position\":2,\"name\":\"Contact\"}]},{\"@type\":\"WebSite\",\"@id\":\"https:\\\/\\\/belart-picture.com\\\/boudoir-portraits-intimes\\\/#website\",\"url\":\"https:\\\/\\\/belart-picture.com\\\/boudoir-portraits-intimes\\\/\",\"name\":\"Belart - Picture | Boudoir & Portraits Intimes\",\"description\":\"Photographe Boudoir &amp; Portraits Intimes\",\"publisher\":{\"@id\":\"https:\\\/\\\/belart-picture.com\\\/boudoir-portraits-intimes\\\/#organization\"},\"potentialAction\":[{\"@type\":\"SearchAction\",\"target\":{\"@type\":\"EntryPoint\",\"urlTemplate\":\"https:\\\/\\\/belart-picture.com\\\/boudoir-portraits-intimes\\\/?s={search_term_string}\"},\"query-input\":{\"@type\":\"PropertyValueSpecification\",\"valueRequired\":true,\"valueName\":\"search_term_string\"}}],\"inLanguage\":\"fr-FR\"},{\"@type\":\"Organization\",\"@id\":\"https:\\\/\\\/belart-picture.com\\\/boudoir-portraits-intimes\\\/#organization\",\"name\":\"Belart - Picture | Boudoir & Portraits Intimes\",\"url\":\"https:\\\/\\\/belart-picture.com\\\/boudoir-portraits-intimes\\\/\",\"logo\":{\"@type\":\"ImageObject\",\"inLanguage\":\"fr-FR\",\"@id\":\"https:\\\/\\\/belart-picture.com\\\/boudoir-portraits-intimes\\\/#\\\/schema\\\/logo\\\/image\\\/\",\"url\":\"https:\\\/\\\/belart-picture.com\\\/boudoir-portraits-intimes\\\/wp-content\\\/uploads\\\/2022\\\/01\\\/cropped-Logo-BP_2021_fond_blanc_ecriture_noir_500px-e1642180841117.png\",\"contentUrl\":\"https:\\\/\\\/belart-picture.com\\\/boudoir-portraits-intimes\\\/wp-content\\\/uploads\\\/2022\\\/01\\\/cropped-Logo-BP_2021_fond_blanc_ecriture_noir_500px-e1642180841117.png\",\"width\":512,\"height\":512,\"caption\":\"Belart - Picture | Boudoir & Portraits Intimes\"},\"image\":{\"@id\":\"https:\\\/\\\/belart-picture.com\\\/boudoir-portraits-intimes\\\/#\\\/schema\\\/logo\\\/image\\\/\"},\"sameAs\":[\"https:\\\/\\\/www.facebook.com\\\/belartpicture.intime\",\"https:\\\/\\\/x.com\\\/BelartPicture\",\"https:\\\/\\\/www.instagram.com\\\/belart_picture_intime\",\"https:\\\/\\\/fr.pinterest.com\\\/belartpicture\\\/\",\"https:\\\/\\\/500px.com\\\/p\\\/Belart-Picture\"]}]}<\/script>\n<!-- \/ Yoast SEO Premium plugin. -->","yoast_head_json":{"title":"R\u00e9servez votre s\u00e9ance de photographie boudoir ou portrait intime - Belart - Picture | Boudoir &amp; Portraits Intimes","description":"Contactez moi pour r\u00e9server votre s\u00e9ance de photographie boudoir ou portrait intime. Je suis l\u00e0 pour capturer votre beaut\u00e9 et vous aider \u00e0 vous sentir confiant(e) et magnifique. Alors n'h\u00e9sitez plus, contactez moi et faisons de votre r\u00eave de photographie boudoir une r\u00e9alit\u00e9 ! Belart - Picture | Boudoir &amp; Portraits Intimes","robots":{"index":"index","follow":"follow","max-snippet":"max-snippet:-1","max-image-preview":"max-image-preview:large","max-video-preview":"max-video-preview:-1"},"canonical":"https:\/\/belart-picture.com\/boudoir-portraits-intimes\/contactez-moi\/","og_locale":"fr_FR","og_type":"article","og_title":"Contact","og_description":"Contactez moi pour r\u00e9server votre s\u00e9ance de photographie boudoir ou portrait intime. Je suis l\u00e0 pour capturer votre beaut\u00e9 et vous aider \u00e0 vous sentir confiant(e) et magnifique. Alors n'h\u00e9sitez plus, contactez moi et faisons de votre r\u00eave de photographie boudoir une r\u00e9alit\u00e9 ! Belart - Picture | Boudoir &amp; Portraits Intimes","og_url":"https:\/\/belart-picture.com\/boudoir-portraits-intimes\/contactez-moi\/","og_site_name":"Belart - Picture | Boudoir &amp; Portraits Intimes","article_publisher":"https:\/\/www.facebook.com\/belartpicture.intime","article_modified_time":"2023-07-12T20:17:57+00:00","og_image":[{"width":2048,"height":1152,"url":"https:\/\/belart-picture.com\/boudoir-portraits-intimes\/wp-content\/uploads\/2023\/07\/Image-Couv-FaceBook-2023.jpg","type":"image\/jpeg"}],"twitter_card":"summary_large_image","twitter_site":"@BelartPicture","twitter_misc":{"Dur\u00e9e de lecture estim\u00e9e":"4 minutes"},"schema":{"@context":"https:\/\/schema.org","@graph":[{"@type":"WebPage","@id":"https:\/\/belart-picture.com\/boudoir-portraits-intimes\/contactez-moi\/","url":"https:\/\/belart-picture.com\/boudoir-portraits-intimes\/contactez-moi\/","name":"R\u00e9servez votre s\u00e9ance de photographie boudoir ou portrait intime - Belart - Picture | Boudoir &amp; Portraits Intimes","isPartOf":{"@id":"https:\/\/belart-picture.com\/boudoir-portraits-intimes\/#website"},"datePublished":"2022-04-18T12:32:03+00:00","dateModified":"2023-07-12T20:17:57+00:00","description":"Contactez moi pour r\u00e9server votre s\u00e9ance de photographie boudoir ou portrait intime. Je suis l\u00e0 pour capturer votre beaut\u00e9 et vous aider \u00e0 vous sentir confiant(e) et magnifique. Alors n'h\u00e9sitez plus, contactez moi et faisons de votre r\u00eave de photographie boudoir une r\u00e9alit\u00e9 ! Belart - Picture | Boudoir &amp; Portraits Intimes","breadcrumb":{"@id":"https:\/\/belart-picture.com\/boudoir-portraits-intimes\/contactez-moi\/#breadcrumb"},"inLanguage":"fr-FR","potentialAction":[{"@type":"ReadAction","target":["https:\/\/belart-picture.com\/boudoir-portraits-intimes\/contactez-moi\/"]}]},{"@type":"BreadcrumbList","@id":"https:\/\/belart-picture.com\/boudoir-portraits-intimes\/contactez-moi\/#breadcrumb","itemListElement":[{"@type":"ListItem","position":1,"name":"Accueil","item":"https:\/\/belart-picture.com\/boudoir-portraits-intimes\/"},{"@type":"ListItem","position":2,"name":"Contact"}]},{"@type":"WebSite","@id":"https:\/\/belart-picture.com\/boudoir-portraits-intimes\/#website","url":"https:\/\/belart-picture.com\/boudoir-portraits-intimes\/","name":"Belart - Picture | Boudoir & Portraits Intimes","description":"Photographe Boudoir &amp; Portraits Intimes","publisher":{"@id":"https:\/\/belart-picture.com\/boudoir-portraits-intimes\/#organization"},"potentialAction":[{"@type":"SearchAction","target":{"@type":"EntryPoint","urlTemplate":"https:\/\/belart-picture.com\/boudoir-portraits-intimes\/?s={search_term_string}"},"query-input":{"@type":"PropertyValueSpecification","valueRequired":true,"valueName":"search_term_string"}}],"inLanguage":"fr-FR"},{"@type":"Organization","@id":"https:\/\/belart-picture.com\/boudoir-portraits-intimes\/#organization","name":"Belart - Picture | Boudoir & Portraits Intimes","url":"https:\/\/belart-picture.com\/boudoir-portraits-intimes\/","logo":{"@type":"ImageObject","inLanguage":"fr-FR","@id":"https:\/\/belart-picture.com\/boudoir-portraits-intimes\/#\/schema\/logo\/image\/","url":"https:\/\/belart-picture.com\/boudoir-portraits-intimes\/wp-content\/uploads\/2022\/01\/cropped-Logo-BP_2021_fond_blanc_ecriture_noir_500px-e1642180841117.png","contentUrl":"https:\/\/belart-picture.com\/boudoir-portraits-intimes\/wp-content\/uploads\/2022\/01\/cropped-Logo-BP_2021_fond_blanc_ecriture_noir_500px-e1642180841117.png","width":512,"height":512,"caption":"Belart - Picture | Boudoir & Portraits Intimes"},"image":{"@id":"https:\/\/belart-picture.com\/boudoir-portraits-intimes\/#\/schema\/logo\/image\/"},"sameAs":["https:\/\/www.facebook.com\/belartpicture.intime","https:\/\/x.com\/BelartPicture","https:\/\/www.instagram.com\/belart_picture_intime","https:\/\/fr.pinterest.com\/belartpicture\/","https:\/\/500px.com\/p\/Belart-Picture"]}]}},"_links":{"self":[{"href":"https:\/\/belart-picture.com\/boudoir-portraits-intimes\/wp-json\/wp\/v2\/pages\/22195","targetHints":{"allow":["GET"]}}],"collection":[{"href":"https:\/\/belart-picture.com\/boudoir-portraits-intimes\/wp-json\/wp\/v2\/pages"}],"about":[{"href":"https:\/\/belart-picture.com\/boudoir-portraits-intimes\/wp-json\/wp\/v2\/types\/page"}],"author":[{"embeddable":true,"href":"https:\/\/belart-picture.com\/boudoir-portraits-intimes\/wp-json\/wp\/v2\/users\/1"}],"replies":[{"embeddable":true,"href":"https:\/\/belart-picture.com\/boudoir-portraits-intimes\/wp-json\/wp\/v2\/comments?post=22195"}],"version-history":[{"count":29,"href":"https:\/\/belart-picture.com\/boudoir-portraits-intimes\/wp-json\/wp\/v2\/pages\/22195\/revisions"}],"predecessor-version":[{"id":23231,"href":"https:\/\/belart-picture.com\/boudoir-portraits-intimes\/wp-json\/wp\/v2\/pages\/22195\/revisions\/23231"}],"wp:attachment":[{"href":"https:\/\/belart-picture.com\/boudoir-portraits-intimes\/wp-json\/wp\/v2\/media?parent=22195"}],"curies":[{"name":"wp","href":"https:\/\/api.w.org\/{rel}","templated":true}]}}